{"id":5873,"date":"2018-05-18T10:01:06","date_gmt":"2018-05-18T08:01:06","guid":{"rendered":"https:\/\/www.analysverkstan.se\/?page_id=5873"},"modified":"2022-12-12T10:19:39","modified_gmt":"2022-12-12T09:19:39","slug":"integritetspolicy","status":"publish","type":"page","link":"https:\/\/www.analysverkstan.se\/en\/integritetspolicy\/","title":{"rendered":"Privacy Policy"},"content":{"rendered":"\t\t<div data-elementor-type=\"wp-page\" data-elementor-id=\"5873\" class=\"elementor elementor-5873\" data-elementor-post-type=\"page\">\n\t\t\t\t\t\t<section class=\"elementor-section elementor-top-section elementor-element elementor-element-27322ac elementor-section-content-middle elementor-section-boxed elementor-section-height-default elementor-section-height-default\" data-id=\"27322ac\" data-element_type=\"section\" data-e-type=\"section\">\n\t\t\t\t\t\t<div class=\"elementor-container elementor-column-gap-default\">\n\t\t\t\t\t<div class=\"elementor-column elementor-col-50 elementor-top-column elementor-element elementor-element-2ea39cf\" data-id=\"2ea39cf\" data-element_type=\"column\" data-e-type=\"column\">\n\t\t\t<div class=\"elementor-widget-wrap elementor-element-populated\">\n\t\t\t\t\t\t<div class=\"elementor-element elementor-element-c2ac88d elementor-widget elementor-widget-shortcode\" data-id=\"c2ac88d\" data-element_type=\"widget\" data-e-type=\"widget\" data-widget_type=\"shortcode.default\">\n\t\t\t\t<div class=\"elementor-widget-container\">\n\t\t\t\t\t\t\t<div class=\"elementor-shortcode\"><div class=\"trp_language_switcher_shortcode\">\n<div class=\"trp-language-switcher trp-language-switcher-container\" data-no-translation >\n    <div class=\"trp-ls-shortcode-current-language\">\n        <a href=\"#\" class=\"trp-ls-shortcode-disabled-language trp-ls-disabled-language\" title=\"English\" onclick=\"event.preventDefault()\">\n\t\t\t<img decoding=\"async\" class=\"trp-flag-image\" src=\"https:\/\/www.analysverkstan.se\/wp-content\/plugins\/translatepress-multilingual\/assets\/images\/flags\/en_GB.png\" width=\"18\" height=\"12\" alt=\"en_GB\" title=\"English\"> \t\t<\/a>\n    <\/div>\n    <div class=\"trp-ls-shortcode-language\">\n                <a href=\"#\" class=\"trp-ls-shortcode-disabled-language trp-ls-disabled-language\"  title=\"English\" onclick=\"event.preventDefault()\">\n\t\t\t<img decoding=\"async\" class=\"trp-flag-image\" src=\"https:\/\/www.analysverkstan.se\/wp-content\/plugins\/translatepress-multilingual\/assets\/images\/flags\/en_GB.png\" width=\"18\" height=\"12\" alt=\"en_GB\" title=\"English\"> \t\t<\/a>\n                    <a href=\"https:\/\/www.analysverkstan.se\/en\/wp-json\/wp\/v2\/pages\/5873#TRPLINKPROCESSED\" title=\"Swedish\">\n            <img decoding=\"async\" class=\"trp-flag-image\" src=\"https:\/\/www.analysverkstan.se\/wp-content\/plugins\/translatepress-multilingual\/assets\/images\/flags\/sv_SE.png\" width=\"18\" height=\"12\" alt=\"sv_SE\" title=\"Swedish\">         <\/a>\n\n        <\/div>\n    <script type=\"application\/javascript\">\n        \/\/ need to have the same with set from JS on both divs. Otherwise it can push stuff around in HTML\n        var trp_ls_shortcodes = document.querySelectorAll('.trp_language_switcher_shortcode .trp-language-switcher');\n        if ( trp_ls_shortcodes.length > 0) {\n            \/\/ get the last language switcher added\n            var trp_el = trp_ls_shortcodes[trp_ls_shortcodes.length - 1];\n\n            var trp_shortcode_language_item = trp_el.querySelector( '.trp-ls-shortcode-language' )\n            \/\/ set width\n            var trp_ls_shortcode_width                                               = trp_shortcode_language_item.offsetWidth + 16;\n            trp_shortcode_language_item.style.width                                  = trp_ls_shortcode_width + 'px';\n            trp_el.querySelector( '.trp-ls-shortcode-current-language' ).style.width = trp_ls_shortcode_width + 'px';\n\n            \/\/ We're putting this on display: none after we have its width.\n            trp_shortcode_language_item.style.display = 'none';\n        }\n    <\/script>\n<\/div>\n<\/div><\/div>\n\t\t\t\t\t\t<\/div>\n\t\t\t\t<\/div>\n\t\t\t\t\t<\/div>\n\t\t<\/div>\n\t\t\t\t<div class=\"elementor-column elementor-col-50 elementor-top-column elementor-element elementor-element-7cb45f8\" data-id=\"7cb45f8\" data-element_type=\"column\" data-e-type=\"column\">\n\t\t\t<div class=\"elementor-widget-wrap elementor-element-populated\">\n\t\t\t\t\t\t<div class=\"elementor-element elementor-element-e4e0ebf elementor-widget elementor-widget-heading\" data-id=\"e4e0ebf\" data-element_type=\"widget\" data-e-type=\"widget\" data-widget_type=\"heading.default\">\n\t\t\t\t<div class=\"elementor-widget-container\">\n\t\t\t\t\t<h3 class=\"elementor-heading-title elementor-size-default\">Do you prefer English? Use the language switcher!<\/h3>\t\t\t\t<\/div>\n\t\t\t\t<\/div>\n\t\t\t\t\t<\/div>\n\t\t<\/div>\n\t\t\t\t\t<\/div>\n\t\t<\/section>\n\t\t\t\t<section class=\"elementor-section elementor-top-section elementor-element elementor-element-6f96194 elementor-section-boxed elementor-section-height-default elementor-section-height-default\" data-id=\"6f96194\" data-element_type=\"section\" data-e-type=\"section\">\n\t\t\t\t\t\t<div class=\"elementor-container elementor-column-gap-default\">\n\t\t\t\t\t<div class=\"elementor-column elementor-col-100 elementor-top-column elementor-element elementor-element-966f605\" data-id=\"966f605\" data-element_type=\"column\" data-e-type=\"column\">\n\t\t\t<div class=\"elementor-widget-wrap elementor-element-populated\">\n\t\t\t\t\t\t<div class=\"elementor-element elementor-element-84c43a2 elementor-widget elementor-widget-heading\" data-id=\"84c43a2\" data-element_type=\"widget\" data-e-type=\"widget\" data-widget_type=\"heading.default\">\n\t\t\t\t<div class=\"elementor-widget-container\">\n\t\t\t\t\t<h1 class=\"elementor-heading-title elementor-size-default\">Hantering av personuppgifter<\/h1>\t\t\t\t<\/div>\n\t\t\t\t<\/div>\n\t\t\t\t<div class=\"elementor-element elementor-element-df4ead8 elementor-widget elementor-widget-text-editor\" data-id=\"df4ead8\" data-element_type=\"widget\" data-e-type=\"widget\" data-widget_type=\"text-editor.default\">\n\t\t\t\t<div class=\"elementor-widget-container\">\n\t\t\t\t\t\t\t\t\t<p>Vi v\u00e4rnar vi om er personliga integritet och efterstr\u00e4var alltid en h\u00f6g niv\u00e5 av dataskydd.\u00a0 Denna integritetspolicy f\u00f6rklarar hur och varf\u00f6r vi samlar in information om bes\u00f6kare och anv\u00e4ndare. Policyn f\u00f6rklarar \u00e4ven hur vi skyddar er data och vilka r\u00e4ttigheter ni har till denna insamlade data.<\/p><p>F\u00f6r dig som inte vill l\u00e4sa hela policyn kan vi summera med att s\u00e4ga att den data som samlas in anv\u00e4nds f\u00f6r att kunna erbjuda en h\u00f6g service samt f\u00f6r att verksamheten ska kunna bedrivas.\u00a0<strong>Vi kommer aldrig att l\u00e4mna ut er data till n\u00e5gon utanf\u00f6r v\u00e5ran verksamhet<\/strong>.<\/p><p>Om du har n\u00e5gra fr\u00e5gor \u00e4r du alltid varmt v\u00e4lkommen att kontakta oss.<\/p><p><strong>Vilka personuppgifter vi samlar in och varf\u00f6r vi samlar in dem<\/strong><\/p><p><strong>Registrering av profil f\u00f6r elektroniska utbildningar<\/strong><\/p><p>Vid registrering av en ny profil i systemet beh\u00f6ver vi samla in f\u00f6r- och efternamn samt giltig e-post adress. Dessa uppgifter anv\u00e4nder vi f\u00f6r att kunna skicka information till deltagaren samt f\u00f6r att kunna uppr\u00e4tta ett individuellt diplom efter genomf\u00f6rd utbildning.<\/p>\t\t\t\t\t\t\t\t<\/div>\n\t\t\t\t<\/div>\n\t\t\t\t<div class=\"elementor-element elementor-element-3e517bb elementor-widget elementor-widget-heading\" data-id=\"3e517bb\" data-element_type=\"widget\" data-e-type=\"widget\" data-widget_type=\"heading.default\">\n\t\t\t\t<div class=\"elementor-widget-container\">\n\t\t\t\t\t<h3 class=\"elementor-heading-title elementor-size-default\">Kommentarer<\/h3>\t\t\t\t<\/div>\n\t\t\t\t<\/div>\n\t\t\t\t<div class=\"elementor-element elementor-element-9709b0c elementor-widget elementor-widget-text-editor\" data-id=\"9709b0c\" data-element_type=\"widget\" data-e-type=\"widget\" data-widget_type=\"text-editor.default\">\n\t\t\t\t<div class=\"elementor-widget-container\">\n\t\t\t\t\t\t\t\t\t<p>N\u00e4r bes\u00f6kare l\u00e4mnar kommentarer p\u00e5 webbplatsen samlar vi in de uppgifter som visas i kommentarsformul\u00e4ret samt bes\u00f6karens ip-adress och user agent-str\u00e4ng som hj\u00e4lp f\u00f6r detektering av skr\u00e4pmeddelanden.<\/p><p>En anonymiserad str\u00e4ng som skapats utifr\u00e5n din e-postadress (\u00e4ven kallat hash-v\u00e4rde) kan komma att s\u00e4ndas till tj\u00e4nsten Gravatar f\u00f6r att avg\u00f6ra om du finns registrerad d\u00e4r. Integritetspolicyn f\u00f6r tj\u00e4nsten Gravatar finns p\u00e5 https:\/\/automattic.com\/privacy\/. N\u00e4r din kommentar har godk\u00e4nts kommer din profilbild att visas publikt tillsammans med din kommentar.<\/p>\t\t\t\t\t\t\t\t<\/div>\n\t\t\t\t<\/div>\n\t\t\t\t<div class=\"elementor-element elementor-element-8547b8f elementor-widget elementor-widget-heading\" data-id=\"8547b8f\" data-element_type=\"widget\" data-e-type=\"widget\" data-widget_type=\"heading.default\">\n\t\t\t\t<div class=\"elementor-widget-container\">\n\t\t\t\t\t<h3 class=\"elementor-heading-title elementor-size-default\">Kontaktformul\u00e4r<\/h3>\t\t\t\t<\/div>\n\t\t\t\t<\/div>\n\t\t\t\t<div class=\"elementor-element elementor-element-b6c3d4b elementor-widget elementor-widget-text-editor\" data-id=\"b6c3d4b\" data-element_type=\"widget\" data-e-type=\"widget\" data-widget_type=\"text-editor.default\">\n\t\t\t\t<div class=\"elementor-widget-container\">\n\t\t\t\t\t\t\t\t\t<p>N\u00e4r bes\u00f6kare anv\u00e4nder sig av n\u00e5got av de kontaktformul\u00e4r som finns p\u00e5 hemsidan samlas information in om f\u00f6r- och efternamn. e-postadress samt i vissa fall \u00e4ven f\u00f6retagets namn. Dessa uppgifter anv\u00e4nds f\u00f6r att kunna \u00e5terkoppla till anv\u00e4ndaren. Uppgifterna anv\u00e4nds \u00e4ven via ett tredjeplats-system (marknadsf\u00f6ringssystem) om anv\u00e4ndaren godk\u00e4nt detta i formul\u00e4ret. Syftet med marknadsf\u00f6ringssystemet \u00e4r att kunna erbjuda h\u00f6g service till v\u00e5ra kunder.<\/p><h3><strong>Nyhetsbrev<\/strong><\/h3><p>P\u00e5 hemsidan kan anv\u00e4ndare registrera sig f\u00f6r verksamhetens nyhetsbrev \u201cVerkstadsbladet\u201d. Det \u00e4r ett nyhetsbrev som skickas ut varje m\u00e5nad till personer som sj\u00e4lva valt att deltaga i en utskickslista. Informationen som\u00a0samlas in om f\u00f6r- och efternamn samt e-postadress. I varje enskilt nyhetsbrev finns m\u00f6jligheten att avs\u00e4ga sig prenumerationen.<\/p><h3><strong>Cookie-filer (Kakor)<\/strong><\/h3><p>Vi anv\u00e4nder cookies och liknande teknik f\u00f6r att leverera produkter och tj\u00e4nster till dig, erbjuda en s\u00e4ker onlinemilj\u00f6, hantera v\u00e5r marknadsf\u00f6ring och ge dig en b\u00e4ttre onlineupplevelse, f\u00f6lja upp webbplatsens prestanda samt g\u00f6ra inneh\u00e5llet p\u00e5 v\u00e5ra webbsidor mer relevant f\u00f6r dig. Informationen anv\u00e4nds inte f\u00f6r att identifiera enskilda bes\u00f6kare.<\/p><p>Du kan ange i webbl\u00e4sarens inst\u00e4llningar eller via den \u201cpop-up\u201d ruta som dyker upp n\u00e4r du bes\u00f6ker hemsidan, om du vill till\u00e5ta eller inte till\u00e5ta cookies. Om du v\u00e4ljer att inte till\u00e5ta cookies kan du \u00e4nd\u00e5 anv\u00e4nda v\u00e5ra webbsidor och en del tj\u00e4nster, men anv\u00e4ndningen av vissa funktioner och delar av v\u00e5r webbplats och tj\u00e4nster kan vara kraftigt begr\u00e4nsad.<\/p><h3><strong>F\u00f6r inloggade anv\u00e4ndare<\/strong><\/h3><p>Om du l\u00e4mnar en kommentar p\u00e5 v\u00e5r webbplats sparas ditt namn, e-postadress och webbplatsadress i cookie-filer. Detta \u00e4r f\u00f6r din bekv\u00e4mlighet f\u00f6r att du inte ska beh\u00f6va fylla i dessa uppgifter igen n\u00e4sta g\u00e5ng du skriver en kommentar. Dessa cookie-filer g\u00e4ller i ett \u00e5r.<\/p><p>Om du har ett konto och loggar in p\u00e5 denna webbplats kommer vi att skapa en tillf\u00e4llig cookie-fil f\u00f6r att kontrollera om din webbl\u00e4sare accepterar cookie-filer. Denna cookie-fil inneh\u00e5ller ingen personligt identifierbar information och f\u00f6rsvinner n\u00e4r du st\u00e4nger din webbl\u00e4sare.<\/p><p>N\u00e4r du loggar in kommer vi dessutom att skapa flera cookie-filer f\u00f6r att spara information om din inloggning och dina val f\u00f6r utformning av sk\u00e4rmlayouten. Cookie-filer f\u00f6r inloggning g\u00e4ller i tv\u00e5 dagar och cookie-filer f\u00f6r layoutval g\u00e4ller i ett \u00e5r. Om du kryssar i \u201dKom ih\u00e5g mig\u201d kommer din cookie att finnas kvar i tv\u00e5 veckor. Om du loggar ut fr\u00e5n ditt konto kommer cookie-filerna f\u00f6r inloggning att tas bort.<\/p><p>Om du redigerar eller publicerar en artikel kommer en extra cookie-fil att sparas i din webbl\u00e4sare. Denna cookie-fil inneh\u00e5ller inga personuppgifter utan anger endast inl\u00e4ggs-ID f\u00f6r den artikel du just redigerade. Den g\u00e4ller under 1 dygn.<\/p><h3><strong>Inb\u00e4ddad inneh\u00e5ll fr\u00e5n andra webbplatser<\/strong><\/h3><p>Artiklar p\u00e5 denna webbplats kan inneh\u00e5lla inb\u00e4ddat inneh\u00e5ll (exempelvis videoklipp, bilder, artiklar o.s.v.). Inb\u00e4ddat inneh\u00e5ll fr\u00e5n andra webbplatser beter sig precis p\u00e5 samma s\u00e4tt som om bes\u00f6karen har bes\u00f6kt den andra webbplatsen.<\/p><p>Dessa webbplatser kan samla in uppgifter om dig, anv\u00e4nda cookie-filer, b\u00e4dda in ytterligare sp\u00e5rning fr\u00e5n tredje part och \u00f6vervaka din interaktion med sagda inb\u00e4ddade inneh\u00e5ll, inklusive sp\u00e5rning av din interaktion med detta inb\u00e4ddade inneh\u00e5ll om du har ett konto och \u00e4r inloggad p\u00e5 webbplatsen i fr\u00e5ga.<\/p><h3><strong>Hur l\u00e4nge vi beh\u00e5ller era uppgifter<\/strong><\/h3><p>Om du skriver en kommentar kommer kommentaren och dess metadata att sparas utan tidsgr\u00e4ns. Anledningen till detta \u00e4r att vi beh\u00f6ver kunna hitta och godk\u00e4nna uppf\u00f6ljningskommentarer automatiskt och inte l\u00e4gga dem i k\u00f6 f\u00f6r granskning.<\/p><p>F\u00f6r anv\u00e4ndare som registrerar sig p\u00e5 hemsidan (skapar ett konto) sparar vi \u00e4ven de personuppgifter de anger i sin anv\u00e4ndarprofil. Alla anv\u00e4ndare kan se, redigera eller radera sina personuppgifter n\u00e4r som helst (med undantaget att de inte kan \u00e4ndra sitt anv\u00e4ndarnamn). \u00c4ven webbplatsens administrat\u00f6rer kan se och redigera denna information. Anledningen till att vi inte tids\u00e4tter dess uppgifter \u00e4r att anv\u00e4ndare kanske vill genomf\u00f6ra ytterligare utbildningar i systemet l\u00e4ngre fram. Tar vi bort uppgifterna kommer inte anv\u00e4ndaren att komma \u00e5t tidigare inneh\u00e5ll eller diplom fr\u00e5n tidigare genomf\u00f6rda kurser.<\/p><h3><strong>Anv\u00e4ndarkonto<\/strong><\/h3><p>Ett konto skapas p\u00e5 hemsidan d\u00e5 en elektronisk utbildning genomf\u00f6rs. Detta konto \u00e4r en f\u00f6ruts\u00e4ttning f\u00f6r att kursen ska kunna genomf\u00f6ras. Efter f\u00e4rdigst\u00e4lld utbildning ligger kontot kvar p\u00e5 hemsidan d\u00e5 radering av konto inneb\u00e4r att kunder som vill genomf\u00f6ra ytterligare utbildningar p\u00e5 sikt, skulle vara tvungna att registrera sig p\u00e5 nytt. Data fr\u00e5n tidigare registrering, s\u00e5 som kursbevis skulle f\u00f6rsvinna. P\u00e5 grund av det har vi valt att beh\u00e5lla kontot aktivt tillsvidare. Anv\u00e4ndare kan sj\u00e4lva radera informationen eller be oss om att radera kontot efter genomf\u00f6rd utbildning, om s\u00e5 \u00f6nskas.<\/p><h3><strong>Vilka r\u00e4ttigheter du har \u00f6ver dina data<\/strong><\/h3><p>Om du har ett konto eller har skrivit n\u00e5gra kommentarer p\u00e5 denna webbplats kan du beg\u00e4ra en exportfil med de personuppgifter vi har om dig, inklusive alla uppgifter du har gett oss. Du kan ocks\u00e5 beg\u00e4ra att vi tar bort alla personuppgifter vi har om dig. Detta omfattar inte eventuella uppgifter som vi \u00e4r tvungna att spara av administrativa, legala eller s\u00e4kerhets\u00e4ndam\u00e5l. Nedan ser du ett antal tillg\u00e4ngliga tj\u00e4nster som du som registrerad anv\u00e4ndare kan anv\u00e4nda f\u00f6r att hantera din data:<\/p><ul><li>Beg\u00e4ra \u00e5tkomst till dina personuppgifter<\/li><li>Beg\u00e4ra r\u00e4ttelse av felaktiga eller ofullst\u00e4ndiga personuppgifter<\/li><li>Beg\u00e4ra radering<\/li><li>Begr\u00e4nsning av behandling av personuppgifter<\/li><\/ul><h3><strong>Hur vi skyddar din information<\/strong><\/h3><p>Analysverkstan anv\u00e4nder den senaste standarden inom datas\u00e4kerhet. Vi \u00e4r idag kopplade till ett SSL-Certifikat som f\u00f6rsv\u00e5rar intr\u00e5ng och \u00f6versyn av personliga uppgifter.<\/p><p>\u00a0<\/p><h3><span style=\"background-color: transparent; text-size-adjust: auto; font-variant-numeric: normal; font-variant-east-asian: normal;\">Klarna betalningsl\u00f6sning<\/span><\/h3><h3><span style=\"font-size: 10pt; font-style: italic; font-weight: 400; background-color: transparent; text-size-adjust: auto; font-family: 'Klarna Text', sans-serif; color: #000000; font-variant-numeric: normal; font-variant-east-asian: normal; white-space: pre-wrap;\">F\u00f6r att kunna erbjuda dig Klarnas betalmetoder kan vi i kassan komma att dela dina personuppgifter i form av kontaktuppgifter och orderinformation med Klarna, f\u00f6r att Klarna ska kunna bed\u00f6ma om du kan v\u00e4lja betalmetoderna, samt f\u00f6r att anpassa dem f\u00f6r dig. Dina personuppgifter som delas behandlas enligt\u00a0<\/span><a style=\"font-size: 12px; font-style: normal; font-weight: 400; background-color: #ffffff; font-family: Helvetica; text-size-adjust: auto; text-decoration-line: none;\" href=\"https:\/\/cdn.klarna.com\/1.0\/shared\/content\/legal\/terms\/0\/sv_se\/privacy\" target=\"_blank\" rel=\"noopener noreferrer\"><span style=\"font-size: 10pt; font-family: 'Klarna Text', sans-serif; color: #000000; background-color: transparent; font-weight: 400; font-style: italic; font-variant-numeric: normal; font-variant-east-asian: normal; text-decoration-line: underline; white-space: pre-wrap;\">Klarnas egen dataskyddsinformation.<\/span><\/a><\/h3><h3><strong>Kontaktinformation<\/strong><\/h3><p>Du kan mejla till dataskyddsombudet p\u00e5 adressen info@analysverkstan.se<\/p>\t\t\t\t\t\t\t\t<\/div>\n\t\t\t\t<\/div>\n\t\t\t\t\t<\/div>\n\t\t<\/div>\n\t\t\t\t\t<\/div>\n\t\t<\/section>\n\t\t\t\t<\/div>\n\t\t","protected":false},"excerpt":{"rendered":"<p>Do you prefer English? Use the language switcher! Hantering av personuppgifter Vi v\u00e4rnar vi om er personliga integritet och efterstr\u00e4var alltid en h\u00f6g niv\u00e5 av dataskydd.\u00a0 Denna integritetspolicy f\u00f6rklarar hur och varf\u00f6r vi samlar in information om bes\u00f6kare och anv\u00e4ndare. Policyn f\u00f6rklarar \u00e4ven hur vi skyddar er data och vilka r\u00e4ttigheter ni har till denna [&hellip;]<\/p>\n","protected":false},"author":1,"featured_media":0,"parent":0,"menu_order":0,"comment_status":"closed","ping_status":"closed","template":"","meta":{"site-sidebar-layout":"no-sidebar","site-content-layout":"plain-container","ast-site-content-layout":"default","site-content-style":"default","site-sidebar-style":"default","ast-global-header-display":"","ast-banner-title-visibility":"","ast-main-header-display":"","ast-hfb-above-header-display":"","ast-hfb-below-header-display":"","ast-hfb-mobile-header-display":"","site-post-title":"disabled","ast-breadcrumbs-content":"","ast-featured-img":"disabled","footer-sml-layout":"","ast-disable-related-posts":"","theme-transparent-header-meta":"","adv-header-id-meta":"","stick-header-meta":"","header-above-stick-meta":"","header-main-stick-meta":"","header-below-stick-meta":"","astra-migrate-meta-layouts":"default","ast-page-background-enabled":"default","ast-page-background-meta":{"desktop":{"background-color":"","background-image":"","background-repeat":"repeat","background-position":"center center","background-size":"auto","background-attachment":"scroll","background-type":"","background-media":"","overlay-type":"","overlay-color":"","overlay-opacity":"","overlay-gradient":""},"tablet":{"background-color":"","background-image":"","background-repeat":"repeat","background-position":"center center","background-size":"auto","background-attachment":"scroll","background-type":"","background-media":"","overlay-type":"","overlay-color":"","overlay-opacity":"","overlay-gradient":""},"mobile":{"background-color":"","background-image":"","background-repeat":"repeat","background-position":"center center","background-size":"auto","background-attachment":"scroll","background-type":"","background-media":"","overlay-type":"","overlay-color":"","overlay-opacity":"","overlay-gradient":""}},"ast-content-background-meta":{"desktop":{"background-color":"var(--ast-global-color-5)","background-image":"","background-repeat":"repeat","background-position":"center center","background-size":"auto","background-attachment":"scroll","background-type":"","background-media":"","overlay-type":"","overlay-color":"","overlay-opacity":"","overlay-gradient":""},"tablet":{"background-color":"var(--ast-global-color-5)","background-image":"","background-repeat":"repeat","background-position":"center center","background-size":"auto","background-attachment":"scroll","background-type":"","background-media":"","overlay-type":"","overlay-color":"","overlay-opacity":"","overlay-gradient":""},"mobile":{"background-color":"var(--ast-global-color-5)","background-image":"","background-repeat":"repeat","background-position":"center center","background-size":"auto","background-attachment":"scroll","background-type":"","background-media":"","overlay-type":"","overlay-color":"","overlay-opacity":"","overlay-gradient":""}},"footnotes":""},"class_list":["post-5873","page","type-page","status-publish","hentry"],"_links":{"self":[{"href":"https:\/\/www.analysverkstan.se\/en\/wp-json\/wp\/v2\/pages\/5873","targetHints":{"allow":["GET"]}}],"collection":[{"href":"https:\/\/www.analysverkstan.se\/en\/wp-json\/wp\/v2\/pages"}],"about":[{"href":"https:\/\/www.analysverkstan.se\/en\/wp-json\/wp\/v2\/types\/page"}],"author":[{"embeddable":true,"href":"https:\/\/www.analysverkstan.se\/en\/wp-json\/wp\/v2\/users\/1"}],"replies":[{"embeddable":true,"href":"https:\/\/www.analysverkstan.se\/en\/wp-json\/wp\/v2\/comments?post=5873"}],"version-history":[{"count":5,"href":"https:\/\/www.analysverkstan.se\/en\/wp-json\/wp\/v2\/pages\/5873\/revisions"}],"predecessor-version":[{"id":13353,"href":"https:\/\/www.analysverkstan.se\/en\/wp-json\/wp\/v2\/pages\/5873\/revisions\/13353"}],"wp:attachment":[{"href":"https:\/\/www.analysverkstan.se\/en\/wp-json\/wp\/v2\/media?parent=5873"}],"curies":[{"name":"wp","href":"https:\/\/api.w.org\/{rel}","templated":true}]}}