{"id":5124,"date":"2017-02-05T14:38:51","date_gmt":"2017-02-05T13:38:51","guid":{"rendered":"https:\/\/www.analysverkstan.se\/?page_id=5124"},"modified":"2022-10-18T14:38:35","modified_gmt":"2022-10-18T12:38:35","slug":"support","status":"publish","type":"page","link":"https:\/\/www.analysverkstan.se\/en\/support\/","title":{"rendered":"Support"},"content":{"rendered":"<div data-elementor-type=\"wp-page\" data-elementor-id=\"5124\" class=\"elementor elementor-5124\" data-elementor-post-type=\"page\">\n\t\t\t\t\t\t<section class=\"elementor-section elementor-top-section elementor-element elementor-element-903d3db elementor-section-boxed elementor-section-height-default elementor-section-height-default\" data-id=\"903d3db\" data-element_type=\"section\" data-e-type=\"section\">\n\t\t\t\t\t\t<div class=\"elementor-container elementor-column-gap-default\">\n\t\t\t\t\t<div class=\"elementor-column elementor-col-100 elementor-top-column elementor-element elementor-element-93e0443\" data-id=\"93e0443\" data-element_type=\"column\" data-e-type=\"column\">\n\t\t\t<div class=\"elementor-widget-wrap elementor-element-populated\">\n\t\t\t\t\t\t<section class=\"elementor-section elementor-inner-section elementor-element elementor-element-ca4718f elementor-section-boxed elementor-section-height-default elementor-section-height-default\" data-id=\"ca4718f\" data-element_type=\"section\" data-e-type=\"section\">\n\t\t\t\t\t\t<div class=\"elementor-container elementor-column-gap-default\">\n\t\t\t\t\t<div class=\"elementor-column elementor-col-50 elementor-inner-column elementor-element elementor-element-41ce421\" data-id=\"41ce421\" data-element_type=\"column\" data-e-type=\"column\">\n\t\t\t<div class=\"elementor-widget-wrap elementor-element-populated\">\n\t\t\t\t\t\t<div class=\"elementor-element elementor-element-ddaf338 elementor-vertical-align-top elementor-widget elementor-widget-image-box\" data-id=\"ddaf338\" data-element_type=\"widget\" data-e-type=\"widget\" data-widget_type=\"image-box.default\">\n\t\t\t\t<div class=\"elementor-widget-container\">\n\t\t\t\t\t<div class=\"elementor-image-box-wrapper\"><div class=\"elementor-image-box-content\"><h1 class=\"elementor-image-box-title\">H\u00f6r av er!<\/h1><p class=\"elementor-image-box-description\">Det \u00e4r viktigt f\u00f6r oss att du f\u00e5r den hj\u00e4lp du beh\u00f6ver och dessutom s\u00e5 snabbt som m\u00f6jligt! <br><br>\n\nVi har skapat ett formul\u00e4r som du kan anv\u00e4nda f\u00f6r flera olika \u00e4renden. Via formul\u00e4ret kan du beg\u00e4ra in en offert p\u00e5 Hybridutbildningar eller l\u00e4rarledda kurser. Du kan \u00e4ven anv\u00e4nda formul\u00e4ret f\u00f6r att rapportera in ett problem som du beh\u00f6ver hj\u00e4lp med. Vill du komma i kontakt med Analysverkstan, ber vi er fylla i formul\u00e4ret. Sj\u00e4lvklart g\u00e5r det \u00e4ven bra att h\u00f6ra av sig p\u00e5 telefon. Ni n\u00e5r oss p\u00e5 tel. 022710098. <br><br>\n\nFyller ni i formul\u00e4ret \u00e5terkommer vi inom kort.<br><br>\n<\/p><\/div><\/div>\t\t\t\t<\/div>\n\t\t\t\t<\/div>\n\t\t\t\t\t<\/div>\n\t\t<\/div>\n\t\t\t\t<div class=\"elementor-column elementor-col-50 elementor-inner-column elementor-element elementor-element-f880763\" data-id=\"f880763\" data-element_type=\"column\" data-e-type=\"column\">\n\t\t\t<div class=\"elementor-widget-wrap elementor-element-populated\">\n\t\t\t\t\t\t<div class=\"elementor-element elementor-element-e915e66 elementor-widget elementor-widget-shortcode\" data-id=\"e915e66\" data-element_type=\"widget\" data-e-type=\"widget\" data-widget_type=\"shortcode.default\">\n\t\t\t\t<div class=\"elementor-widget-container\">\n\t\t\t\t\t\t\t<div class=\"elementor-shortcode\"><div class='_form_3'><\/div><script type='text\/javascript' src='https:\/\/analysverkstan.activehosted.com\/f\/embed.php?static=0&id=3&69E4FB02386AE&nostyles=0&preview=0'><\/script><\/div>\n\t\t\t\t\t\t<\/div>\n\t\t\t\t<\/div>\n\t\t\t\t\t<\/div>\n\t\t<\/div>\n\t\t\t\t\t<\/div>\n\t\t<\/section>\n\t\t\t\t\t<\/div>\n\t\t<\/div>\n\t\t\t\t\t<\/div>\n\t\t<\/section>\n\t\t\t\t<\/div>","protected":false},"excerpt":{"rendered":"<p>H\u00f6r av er! Det \u00e4r viktigt f\u00f6r oss att du f\u00e5r den hj\u00e4lp du beh\u00f6ver och dessutom s\u00e5 snabbt som m\u00f6jligt! Vi har skapat ett formul\u00e4r som du kan anv\u00e4nda f\u00f6r flera olika \u00e4renden. Via formul\u00e4ret kan du beg\u00e4ra in en offert p\u00e5 Hybridutbildningar eller l\u00e4rarledda kurser. Du kan \u00e4ven anv\u00e4nda formul\u00e4ret f\u00f6r att rapportera [&hellip;]<\/p>\n","protected":false},"author":1,"featured_media":0,"parent":0,"menu_order":0,"comment_status":"closed","ping_status":"closed","template":"","meta":{"site-sidebar-layout":"no-sidebar","site-content-layout":"plain-container","ast-site-content-layout":"default","site-content-style":"default","site-sidebar-style":"default","ast-global-header-display":"","ast-banner-title-visibility":"","ast-main-header-display":"","ast-hfb-above-header-display":"","ast-hfb-below-header-display":"","ast-hfb-mobile-header-display":"","site-post-title":"disabled","ast-breadcrumbs-content":"","ast-featured-img":"disabled","footer-sml-layout":"","ast-disable-related-posts":"","theme-transparent-header-meta":"","adv-header-id-meta":"","stick-header-meta":"","header-above-stick-meta":"","header-main-stick-meta":"","header-below-stick-meta":"","astra-migrate-meta-layouts":"default","ast-page-background-enabled":"default","ast-page-background-meta":{"desktop":{"background-color":"","background-image":"","background-repeat":"repeat","background-position":"center center","background-size":"auto","background-attachment":"scroll","background-type":"","background-media":"","overlay-type":"","overlay-color":"","overlay-opacity":"","overlay-gradient":""},"tablet":{"background-color":"","background-image":"","background-repeat":"repeat","background-position":"center center","background-size":"auto","background-attachment":"scroll","background-type":"","background-media":"","overlay-type":"","overlay-color":"","overlay-opacity":"","overlay-gradient":""},"mobile":{"background-color":"","background-image":"","background-repeat":"repeat","background-position":"center center","background-size":"auto","background-attachment":"scroll","background-type":"","background-media":"","overlay-type":"","overlay-color":"","overlay-opacity":"","overlay-gradient":""}},"ast-content-background-meta":{"desktop":{"background-color":"var(--ast-global-color-5)","background-image":"","background-repeat":"repeat","background-position":"center center","background-size":"auto","background-attachment":"scroll","background-type":"","background-media":"","overlay-type":"","overlay-color":"","overlay-opacity":"","overlay-gradient":""},"tablet":{"background-color":"var(--ast-global-color-5)","background-image":"","background-repeat":"repeat","background-position":"center center","background-size":"auto","background-attachment":"scroll","background-type":"","background-media":"","overlay-type":"","overlay-color":"","overlay-opacity":"","overlay-gradient":""},"mobile":{"background-color":"var(--ast-global-color-5)","background-image":"","background-repeat":"repeat","background-position":"center center","background-size":"auto","background-attachment":"scroll","background-type":"","background-media":"","overlay-type":"","overlay-color":"","overlay-opacity":"","overlay-gradient":""}},"footnotes":""},"class_list":["post-5124","page","type-page","status-publish","hentry"],"_links":{"self":[{"href":"https:\/\/www.analysverkstan.se\/en\/wp-json\/wp\/v2\/pages\/5124","targetHints":{"allow":["GET"]}}],"collection":[{"href":"https:\/\/www.analysverkstan.se\/en\/wp-json\/wp\/v2\/pages"}],"about":[{"href":"https:\/\/www.analysverkstan.se\/en\/wp-json\/wp\/v2\/types\/page"}],"author":[{"embeddable":true,"href":"https:\/\/www.analysverkstan.se\/en\/wp-json\/wp\/v2\/users\/1"}],"replies":[{"embeddable":true,"href":"https:\/\/www.analysverkstan.se\/en\/wp-json\/wp\/v2\/comments?post=5124"}],"version-history":[{"count":5,"href":"https:\/\/www.analysverkstan.se\/en\/wp-json\/wp\/v2\/pages\/5124\/revisions"}],"predecessor-version":[{"id":11731,"href":"https:\/\/www.analysverkstan.se\/en\/wp-json\/wp\/v2\/pages\/5124\/revisions\/11731"}],"wp:attachment":[{"href":"https:\/\/www.analysverkstan.se\/en\/wp-json\/wp\/v2\/media?parent=5124"}],"curies":[{"name":"wp","href":"https:\/\/api.w.org\/{rel}","templated":true}]}}