{"id":7418,"date":"2020-04-19T22:39:57","date_gmt":"2020-04-19T20:39:57","guid":{"rendered":"https:\/\/www.analysverkstan.se\/?page_id=7418"},"modified":"2026-01-15T12:15:16","modified_gmt":"2026-01-15T11:15:16","slug":"lararledda-kurser","status":"publish","type":"page","link":"http:\/\/www.analysverkstan.se\/en\/lararledda-kurser\/","title":{"rendered":"Teacher-led courses"},"content":{"rendered":"<div data-elementor-type=\"wp-page\" data-elementor-id=\"7418\" class=\"elementor elementor-7418\" data-elementor-post-type=\"page\">\n\t\t\t\t\t\t<section class=\"elementor-section elementor-top-section elementor-element elementor-element-af2fcd6 elementor-section-full_width elementor-section-height-min-height elementor-section-height-default elementor-section-items-middle\" data-id=\"af2fcd6\" data-element_type=\"section\" data-e-type=\"section\" data-settings=\"{&quot;background_background&quot;:&quot;classic&quot;}\">\n\t\t\t\t\t\t\t<div class=\"elementor-background-overlay\"><\/div>\n\t\t\t\t\t\t\t<div class=\"elementor-container elementor-column-gap-default\">\n\t\t\t\t\t<div class=\"elementor-column elementor-col-100 elementor-top-column elementor-element elementor-element-1f6cb6c\" data-id=\"1f6cb6c\" data-element_type=\"column\" data-e-type=\"column\" data-settings=\"{&quot;background_background&quot;:&quot;classic&quot;}\">\n\t\t\t<div class=\"elementor-widget-wrap elementor-element-populated\">\n\t\t\t\t\t\t<div class=\"elementor-element elementor-element-2e2f754 elementor-widget elementor-widget-heading\" data-id=\"2e2f754\" data-element_type=\"widget\" data-e-type=\"widget\" data-widget_type=\"heading.default\">\n\t\t\t\t<div class=\"elementor-widget-container\">\n\t\t\t\t\t<h2 class=\"elementor-heading-title elementor-size-default\">L\u00e4rarledda utbildningar<\/h2>\t\t\t\t<\/div>\n\t\t\t\t<\/div>\n\t\t\t\t\t<\/div>\n\t\t<\/div>\n\t\t\t\t\t<\/div>\n\t\t<\/section>\n\t\t\t\t<section class=\"elementor-section elementor-top-section elementor-element elementor-element-bf1b40f elementor-section-boxed elementor-section-height-default elementor-section-height-default\" data-id=\"bf1b40f\" data-element_type=\"section\" data-e-type=\"section\">\n\t\t\t\t\t\t<div class=\"elementor-container elementor-column-gap-default\">\n\t\t\t\t\t<div class=\"elementor-column elementor-col-100 elementor-top-column elementor-element elementor-element-1eb298e\" data-id=\"1eb298e\" data-element_type=\"column\" data-e-type=\"column\">\n\t\t\t<div class=\"elementor-widget-wrap elementor-element-populated\">\n\t\t\t\t\t\t<div class=\"elementor-element elementor-element-4a7b240 elementor-widget elementor-widget-heading\" data-id=\"4a7b240\" data-element_type=\"widget\" data-e-type=\"widget\" data-widget_type=\"heading.default\">\n\t\t\t\t<div class=\"elementor-widget-container\">\n\t\t\t\t\t<h2 class=\"elementor-heading-title elementor-size-default\">F\u00f6retags-anpassad eller \u00f6ppen utbildning?<\/h2>\t\t\t\t<\/div>\n\t\t\t\t<\/div>\n\t\t\t\t<section class=\"elementor-section elementor-inner-section elementor-element elementor-element-772ce16 elementor-section-content-middle elementor-section-boxed elementor-section-height-default elementor-section-height-default\" data-id=\"772ce16\" data-element_type=\"section\" data-e-type=\"section\">\n\t\t\t\t\t\t<div class=\"elementor-container elementor-column-gap-default\">\n\t\t\t\t\t<div class=\"elementor-column elementor-col-50 elementor-inner-column elementor-element elementor-element-9915750\" data-id=\"9915750\" data-element_type=\"column\" data-e-type=\"column\">\n\t\t\t<div class=\"elementor-widget-wrap elementor-element-populated\">\n\t\t\t\t\t\t<div class=\"elementor-element elementor-element-471a855 elementor-position-top elementor-widget elementor-widget-image-box\" data-id=\"471a855\" data-element_type=\"widget\" data-e-type=\"widget\" data-widget_type=\"image-box.default\">\n\t\t\t\t<div class=\"elementor-widget-container\">\n\t\t\t\t\t<div class=\"elementor-image-box-wrapper\"><figure class=\"elementor-image-box-img\"><a href=\"https:\/\/www.analysverkstan.se\/en\/lararledda-kurser\/foretagsutbildning\/\" tabindex=\"-1\"><img fetchpriority=\"high\" decoding=\"async\" src=\"https:\/\/www.analysverkstan.se\/wp-content\/uploads\/2026\/01\/Foretagsutbildning-600x400-1.jpg\" height=\"400\" width=\"600\" class=\"elementor-animation-grow attachment-full size-full wp-image-16544 sp-no-webp\" alt=\"f\u00f6retagsutbildning\" srcset=\"https:\/\/www.analysverkstan.se\/wp-content\/uploads\/2026\/01\/Foretagsutbildning-600x400-1.jpg 600w, https:\/\/www.analysverkstan.se\/wp-content\/uploads\/2026\/01\/Foretagsutbildning-600x400-1-300x200.jpg 300w, https:\/\/www.analysverkstan.se\/wp-content\/uploads\/2026\/01\/Foretagsutbildning-600x400-1-18x12.jpg 18w\" sizes=\"(max-width: 600px) 100vw, 600px\" \/> <\/a><\/figure><div class=\"elementor-image-box-content\"><h3 class=\"elementor-image-box-title\"><a href=\"https:\/\/www.analysverkstan.se\/en\/lararledda-kurser\/foretagsutbildning\/\">F\u00f6retagsutbildning<\/a><\/h3><p class=\"elementor-image-box-description\">L\u00e4rarledd utbildning f\u00f6r medarbetare p\u00e5 ert f\u00f6retag. Genomf\u00f6rs i kundens lokaler eller i Analysverkstans utbildningslokal.<\/p><\/div><\/div>\t\t\t\t<\/div>\n\t\t\t\t<\/div>\n\t\t\t\t\t<\/div>\n\t\t<\/div>\n\t\t\t\t<div class=\"elementor-column elementor-col-50 elementor-inner-column elementor-element elementor-element-0634d7b\" data-id=\"0634d7b\" data-element_type=\"column\" data-e-type=\"column\">\n\t\t\t<div class=\"elementor-widget-wrap elementor-element-populated\">\n\t\t\t\t\t\t<div class=\"elementor-element elementor-element-e9069b5 elementor-position-top elementor-widget elementor-widget-image-box\" data-id=\"e9069b5\" data-element_type=\"widget\" data-e-type=\"widget\" data-widget_type=\"image-box.default\">\n\t\t\t\t<div class=\"elementor-widget-container\">\n\t\t\t\t\t<div class=\"elementor-image-box-wrapper\"><figure class=\"elementor-image-box-img\"><a href=\"https:\/\/www.analysverkstan.se\/en\/lararledda-kurser\/oppna-utbildningar\/\" tabindex=\"-1\"><img decoding=\"async\" src=\"https:\/\/www.analysverkstan.se\/wp-content\/uploads\/2026\/01\/Analysverkstan-utbildningslokal-600x400-1.jpg\" height=\"400\" width=\"600\" class=\"elementor-animation-grow attachment-full size-full wp-image-16543 sp-no-webp\" alt=\"analysverkstan utbildningslokal\" srcset=\"https:\/\/www.analysverkstan.se\/wp-content\/uploads\/2026\/01\/Analysverkstan-utbildningslokal-600x400-1.jpg 600w, https:\/\/www.analysverkstan.se\/wp-content\/uploads\/2026\/01\/Analysverkstan-utbildningslokal-600x400-1-300x200.jpg 300w, https:\/\/www.analysverkstan.se\/wp-content\/uploads\/2026\/01\/Analysverkstan-utbildningslokal-600x400-1-18x12.jpg 18w\" sizes=\"(max-width: 600px) 100vw, 600px\" \/> <\/a><\/figure><div class=\"elementor-image-box-content\"><h3 class=\"elementor-image-box-title\"><a href=\"https:\/\/www.analysverkstan.se\/en\/lararledda-kurser\/oppna-utbildningar\/\">\u00d6ppna utbildningar<\/a><\/h3><p class=\"elementor-image-box-description\">Skicka en eller flera deltagare fr\u00e5n ert f\u00f6retag till dessa \u00f6ppna kurser som genomf\u00f6rs i Analysverkstans kurslokal.<\/p><\/div><\/div>\t\t\t\t<\/div>\n\t\t\t\t<\/div>\n\t\t\t\t\t<\/div>\n\t\t<\/div>\n\t\t\t\t\t<\/div>\n\t\t<\/section>\n\t\t\t\t\t<\/div>\n\t\t<\/div>\n\t\t\t\t\t<\/div>\n\t\t<\/section>\n\t\t\t\t<\/div>","protected":false},"excerpt":{"rendered":"<p>L\u00e4rarledda utbildningar F\u00f6retags-anpassad eller \u00f6ppen utbildning? F\u00f6retagsutbildning L\u00e4rarledd utbildning f\u00f6r medarbetare p\u00e5 ert f\u00f6retag. Genomf\u00f6rs i kundens lokaler eller i Analysverkstans utbildningslokal. \u00d6ppna utbildningar Skicka en eller flera deltagare fr\u00e5n ert f\u00f6retag till dessa \u00f6ppna kurser som genomf\u00f6rs i Analysverkstans kurslokal.<\/p>","protected":false},"author":1,"featured_media":0,"parent":0,"menu_order":0,"comment_status":"closed","ping_status":"closed","template":"","meta":{"site-sidebar-layout":"no-sidebar","site-content-layout":"plain-container","ast-site-content-layout":"default","site-content-style":"default","site-sidebar-style":"default","ast-global-header-display":"","ast-banner-title-visibility":"","ast-main-header-display":"","ast-hfb-above-header-display":"","ast-hfb-below-header-display":"","ast-hfb-mobile-header-display":"","site-post-title":"disabled","ast-breadcrumbs-content":"","ast-featured-img":"disabled","footer-sml-layout":"","ast-disable-related-posts":"","theme-transparent-header-meta":"default","adv-header-id-meta":"","stick-header-meta":"","header-above-stick-meta":"","header-main-stick-meta":"","header-below-stick-meta":"","astra-migrate-meta-layouts":"default","ast-page-background-enabled":"default","ast-page-background-meta":{"desktop":{"background-color":"","background-image":"","background-repeat":"repeat","background-position":"center center","background-size":"auto","background-attachment":"scroll","background-type":"","background-media":"","overlay-type":"","overlay-color":"","overlay-opacity":"","overlay-gradient":""},"tablet":{"background-color":"","background-image":"","background-repeat":"repeat","background-position":"center center","background-size":"auto","background-attachment":"scroll","background-type":"","background-media":"","overlay-type":"","overlay-color":"","overlay-opacity":"","overlay-gradient":""},"mobile":{"background-color":"","background-image":"","background-repeat":"repeat","background-position":"center center","background-size":"auto","background-attachment":"scroll","background-type":"","background-media":"","overlay-type":"","overlay-color":"","overlay-opacity":"","overlay-gradient":""}},"ast-content-background-meta":{"desktop":{"background-color":"var(--ast-global-color-5)","background-image":"","background-repeat":"repeat","background-position":"center center","background-size":"auto","background-attachment":"scroll","background-type":"","background-media":"","overlay-type":"","overlay-color":"","overlay-opacity":"","overlay-gradient":""},"tablet":{"background-color":"var(--ast-global-color-5)","background-image":"","background-repeat":"repeat","background-position":"center center","background-size":"auto","background-attachment":"scroll","background-type":"","background-media":"","overlay-type":"","overlay-color":"","overlay-opacity":"","overlay-gradient":""},"mobile":{"background-color":"var(--ast-global-color-5)","background-image":"","background-repeat":"repeat","background-position":"center center","background-size":"auto","background-attachment":"scroll","background-type":"","background-media":"","overlay-type":"","overlay-color":"","overlay-opacity":"","overlay-gradient":""}},"footnotes":""},"class_list":["post-7418","page","type-page","status-publish","hentry"],"_links":{"self":[{"href":"http:\/\/www.analysverkstan.se\/en\/wp-json\/wp\/v2\/pages\/7418","targetHints":{"allow":["GET"]}}],"collection":[{"href":"http:\/\/www.analysverkstan.se\/en\/wp-json\/wp\/v2\/pages"}],"about":[{"href":"http:\/\/www.analysverkstan.se\/en\/wp-json\/wp\/v2\/types\/page"}],"author":[{"embeddable":true,"href":"http:\/\/www.analysverkstan.se\/en\/wp-json\/wp\/v2\/users\/1"}],"replies":[{"embeddable":true,"href":"http:\/\/www.analysverkstan.se\/en\/wp-json\/wp\/v2\/comments?post=7418"}],"version-history":[{"count":5,"href":"http:\/\/www.analysverkstan.se\/en\/wp-json\/wp\/v2\/pages\/7418\/revisions"}],"predecessor-version":[{"id":16570,"href":"http:\/\/www.analysverkstan.se\/en\/wp-json\/wp\/v2\/pages\/7418\/revisions\/16570"}],"wp:attachment":[{"href":"http:\/\/www.analysverkstan.se\/en\/wp-json\/wp\/v2\/media?parent=7418"}],"curies":[{"name":"wp","href":"https:\/\/api.w.org\/{rel}","templated":true}]}}