{"id":5918,"date":"2018-05-25T12:50:59","date_gmt":"2018-05-25T10:50:59","guid":{"rendered":"https:\/\/www.analysverkstan.se\/?page_id=5918"},"modified":"2022-11-07T08:42:40","modified_gmt":"2022-11-07T07:42:40","slug":"kopvillkor","status":"publish","type":"page","link":"http:\/\/www.analysverkstan.se\/en\/kopvillkor\/","title":{"rendered":"Terms of purchase"},"content":{"rendered":"\t\t<div data-elementor-type=\"wp-page\" data-elementor-id=\"5918\" class=\"elementor elementor-5918\" data-elementor-post-type=\"page\">\n\t\t\t\t\t\t<section class=\"elementor-section elementor-top-section elementor-element elementor-element-1cce988 elementor-section-boxed elementor-section-height-default elementor-section-height-default\" data-id=\"1cce988\" data-element_type=\"section\" data-e-type=\"section\">\n\t\t\t\t\t\t<div class=\"elementor-container elementor-column-gap-default\">\n\t\t\t\t\t<div class=\"elementor-column elementor-col-100 elementor-top-column elementor-element elementor-element-2a0ff52\" data-id=\"2a0ff52\" data-element_type=\"column\" data-e-type=\"column\">\n\t\t\t<div class=\"elementor-widget-wrap elementor-element-populated\">\n\t\t\t\t\t\t<section class=\"elementor-section elementor-inner-section elementor-element elementor-element-89b6d6d elementor-section-boxed elementor-section-height-default elementor-section-height-default\" data-id=\"89b6d6d\" data-element_type=\"section\" data-e-type=\"section\">\n\t\t\t\t\t\t<div class=\"elementor-container elementor-column-gap-default\">\n\t\t\t\t\t<div class=\"elementor-column elementor-col-50 elementor-inner-column elementor-element elementor-element-6e669f6\" data-id=\"6e669f6\" data-element_type=\"column\" data-e-type=\"column\">\n\t\t\t<div class=\"elementor-widget-wrap elementor-element-populated\">\n\t\t\t\t\t\t<div class=\"elementor-element elementor-element-17bc182 elementor-widget elementor-widget-shortcode\" data-id=\"17bc182\" data-element_type=\"widget\" data-e-type=\"widget\" data-widget_type=\"shortcode.default\">\n\t\t\t\t<div class=\"elementor-widget-container\">\n\t\t\t\t\t\t\t<div class=\"elementor-shortcode\"><div class=\"trp_language_switcher_shortcode\">\n<div class=\"trp-language-switcher trp-language-switcher-container\" data-no-translation >\n    <div class=\"trp-ls-shortcode-current-language\">\n        <a href=\"#\" class=\"trp-ls-shortcode-disabled-language trp-ls-disabled-language\" title=\"English\" onclick=\"event.preventDefault()\">\n\t\t\t<img decoding=\"async\" class=\"trp-flag-image\" src=\"http:\/\/www.analysverkstan.se\/wp-content\/plugins\/translatepress-multilingual\/assets\/images\/flags\/en_GB.png\" width=\"18\" height=\"12\" alt=\"en_GB\" title=\"English\"> \t\t<\/a>\n    <\/div>\n    <div class=\"trp-ls-shortcode-language\">\n                <a href=\"#\" class=\"trp-ls-shortcode-disabled-language trp-ls-disabled-language\"  title=\"English\" onclick=\"event.preventDefault()\">\n\t\t\t<img decoding=\"async\" class=\"trp-flag-image\" src=\"http:\/\/www.analysverkstan.se\/wp-content\/plugins\/translatepress-multilingual\/assets\/images\/flags\/en_GB.png\" width=\"18\" height=\"12\" alt=\"en_GB\" title=\"English\"> \t\t<\/a>\n                    <a href=\"http:\/\/www.analysverkstan.se\/en\/wp-json\/wp\/v2\/pages\/5918#TRPLINKPROCESSED\" title=\"Swedish\">\n            <img decoding=\"async\" class=\"trp-flag-image\" src=\"http:\/\/www.analysverkstan.se\/wp-content\/plugins\/translatepress-multilingual\/assets\/images\/flags\/sv_SE.png\" width=\"18\" height=\"12\" alt=\"sv_SE\" title=\"Swedish\">         <\/a>\n\n        <\/div>\n    <script type=\"application\/javascript\">\n        \/\/ need to have the same with set from JS on both divs. Otherwise it can push stuff around in HTML\n        var trp_ls_shortcodes = document.querySelectorAll('.trp_language_switcher_shortcode .trp-language-switcher');\n        if ( trp_ls_shortcodes.length > 0) {\n            \/\/ get the last language switcher added\n            var trp_el = trp_ls_shortcodes[trp_ls_shortcodes.length - 1];\n\n            var trp_shortcode_language_item = trp_el.querySelector( '.trp-ls-shortcode-language' )\n            \/\/ set width\n            var trp_ls_shortcode_width                                               = trp_shortcode_language_item.offsetWidth + 16;\n            trp_shortcode_language_item.style.width                                  = trp_ls_shortcode_width + 'px';\n            trp_el.querySelector( '.trp-ls-shortcode-current-language' ).style.width = trp_ls_shortcode_width + 'px';\n\n            \/\/ We're putting this on display: none after we have its width.\n            trp_shortcode_language_item.style.display = 'none';\n        }\n    <\/script>\n<\/div>\n<\/div><\/div>\n\t\t\t\t\t\t<\/div>\n\t\t\t\t<\/div>\n\t\t\t\t\t<\/div>\n\t\t<\/div>\n\t\t\t\t<div class=\"elementor-column elementor-col-50 elementor-inner-column elementor-element elementor-element-ceb356c\" data-id=\"ceb356c\" data-element_type=\"column\" data-e-type=\"column\">\n\t\t\t<div class=\"elementor-widget-wrap elementor-element-populated\">\n\t\t\t\t\t\t<div class=\"elementor-element elementor-element-1ef76d1 elementor-widget elementor-widget-heading\" data-id=\"1ef76d1\" data-element_type=\"widget\" data-e-type=\"widget\" data-widget_type=\"heading.default\">\n\t\t\t\t<div class=\"elementor-widget-container\">\n\t\t\t\t\t<h3 class=\"elementor-heading-title elementor-size-default\">Do you prefer English? Use the language switcher!<\/h3>\t\t\t\t<\/div>\n\t\t\t\t<\/div>\n\t\t\t\t\t<\/div>\n\t\t<\/div>\n\t\t\t\t\t<\/div>\n\t\t<\/section>\n\t\t\t\t\t<\/div>\n\t\t<\/div>\n\t\t\t\t\t<\/div>\n\t\t<\/section>\n\t\t\t\t<section class=\"elementor-section elementor-top-section elementor-element elementor-element-ea3baa0 elementor-section-boxed elementor-section-height-default elementor-section-height-default\" data-id=\"ea3baa0\" data-element_type=\"section\" data-e-type=\"section\">\n\t\t\t\t\t\t<div class=\"elementor-container elementor-column-gap-default\">\n\t\t\t\t\t<div class=\"elementor-column elementor-col-100 elementor-top-column elementor-element elementor-element-46f8ae9\" data-id=\"46f8ae9\" data-element_type=\"column\" data-e-type=\"column\">\n\t\t\t<div class=\"elementor-widget-wrap elementor-element-populated\">\n\t\t\t\t\t\t<div class=\"elementor-element elementor-element-f3bcb2e elementor-widget elementor-widget-heading\" data-id=\"f3bcb2e\" data-element_type=\"widget\" data-e-type=\"widget\" data-widget_type=\"heading.default\">\n\t\t\t\t<div class=\"elementor-widget-container\">\n\t\t\t\t\t<h1 class=\"elementor-heading-title elementor-size-default\">K\u00f6pvillkor g\u00e4llande elektroniska utbildningar<\/h1>\t\t\t\t<\/div>\n\t\t\t\t<\/div>\n\t\t\t\t<div class=\"elementor-element elementor-element-24c298f elementor-widget elementor-widget-text-editor\" data-id=\"24c298f\" data-element_type=\"widget\" data-e-type=\"widget\" data-widget_type=\"text-editor.default\">\n\t\t\t\t<div class=\"elementor-widget-container\">\n\t\t\t\t\t\t\t\t\t<p>I samband med k\u00f6p av en elektronisk utbildning hos oss p\u00e5 Analysverkstan registreras en personlig utbildningsportal. Denna portal \u00e4r n\u00f6dv\u00e4ndig f\u00f6r att kunna genomf\u00f6ra en elektronisk utbildningen. I portalen samlas personuppgifter in enligt verksamhetens <a href=\"https:\/\/www.analysverkstan.se\/integritetspolicy\/\" target=\"_blank\" rel=\"noopener\">integritetspolicy<\/a>. Det personliga kontot kommer att vara aktivt fram tills dess att du personligen \u00e4ndrar uppgifterna i kontot eller att du meddelar oss om att kontot ska raderas.<\/p><p>Radering av kontot inneb\u00e4r att personuppgifterna raderas men \u00e4ven att utbildningsdata s\u00e5 som exempelvis kursbevis raderas.<\/p><p>Informationen vi delger p\u00e5 denna sida \u00e4r en aktivitet f\u00f6r att uppfylla dataskyddsf\u00f6rordningen (GDPR).<\/p><p>Har du fr\u00e5gor g\u00e4llande hanteringen av dina personuppgifter och inte k\u00e4nner att du hittar det du s\u00f6ker h\u00e4r p\u00e5 hemsidan, \u00e4r du v\u00e4lkommen att kontakta oss.<\/p>\t\t\t\t\t\t\t\t<\/div>\n\t\t\t\t<\/div>\n\t\t\t\t<div class=\"elementor-element elementor-element-152fccf elementor-widget elementor-widget-heading\" data-id=\"152fccf\" data-element_type=\"widget\" data-e-type=\"widget\" data-widget_type=\"heading.default\">\n\t\t\t\t<div class=\"elementor-widget-container\">\n\t\t\t\t\t<h3 class=\"elementor-heading-title elementor-size-default\">Avbokningsvillkor g\u00e4llande elektroniska utbildningar<\/h3>\t\t\t\t<\/div>\n\t\t\t\t<\/div>\n\t\t\t\t<div class=\"elementor-element elementor-element-69a1821 elementor-widget elementor-widget-text-editor\" data-id=\"69a1821\" data-element_type=\"widget\" data-e-type=\"widget\" data-widget_type=\"text-editor.default\">\n\t\t\t\t<div class=\"elementor-widget-container\">\n\t\t\t\t\t\t\t\t\t<p>Som privatperson har du 14 dagars \u00e5ngerr\u00e4tt (distansavtalslagen), vilket inneb\u00e4r att du f\u00e5r alla pengar tillbaka om du \u00e5ngrar ditt k\u00f6p inom denna tid. \u00c5ngerfristen b\u00f6rjar l\u00f6pa den dag du ingick avtalet i samband med att du slutf\u00f6rde best\u00e4llningen i Analysverkstan ABs webshop, eller fr\u00e5n det att du mottagit orderbekr\u00e4ftelse fr\u00e5n Analysverkstan AB. Elektronisk utbildning som p\u00e5b\u00f6rjats kan dock ej nyttja \u00e5ngerr\u00e4tten oavsett hur m\u00e5nga dagar som passerat sedan best\u00e4llningen gjordes.<span class=\"Apple-converted-space\">\u00a0<\/span><\/p>\t\t\t\t\t\t\t\t<\/div>\n\t\t\t\t<\/div>\n\t\t\t\t<div class=\"elementor-element elementor-element-8d8a7ee elementor-widget elementor-widget-heading\" data-id=\"8d8a7ee\" data-element_type=\"widget\" data-e-type=\"widget\" data-widget_type=\"heading.default\">\n\t\t\t\t<div class=\"elementor-widget-container\">\n\t\t\t\t\t<h3 class=\"elementor-heading-title elementor-size-default\">Ombokningsvillkor g\u00e4llande elektroniska utbildningar<\/h3>\t\t\t\t<\/div>\n\t\t\t\t<\/div>\n\t\t\t\t<div class=\"elementor-element elementor-element-8e1833b elementor-widget elementor-widget-text-editor\" data-id=\"8e1833b\" data-element_type=\"widget\" data-e-type=\"widget\" data-widget_type=\"text-editor.default\">\n\t\t\t\t<div class=\"elementor-widget-container\">\n\t\t\t\t\t\t\t\t\t<p>Om utbildningen inte har p\u00e5b\u00f6rjats kan ombokning eller avbokning ske enligt distansavtalslagen. Som privatperson betyder det att du kan boka om eller avboka utbildningen inom 14-dagar fr\u00e5n det att du mottagit orderbekr\u00e4ftelse fr\u00e5n Analysverkstan AB.<\/p><p>En p\u00e5b\u00f6rjad elektronisk utbildning bokas inte om.<span class=\"Apple-converted-space\">\u00a0<\/span><\/p>\t\t\t\t\t\t\t\t<\/div>\n\t\t\t\t<\/div>\n\t\t\t\t\t<\/div>\n\t\t<\/div>\n\t\t\t\t\t<\/div>\n\t\t<\/section>\n\t\t\t\t<\/div>\n\t\t","protected":false},"excerpt":{"rendered":"<p>Do you prefer English? Use the language switcher! K\u00f6pvillkor g\u00e4llande elektroniska utbildningar I samband med k\u00f6p av en elektronisk utbildning hos oss p\u00e5 Analysverkstan registreras en personlig utbildningsportal. Denna portal \u00e4r n\u00f6dv\u00e4ndig f\u00f6r att kunna genomf\u00f6ra en elektronisk utbildningen. I portalen samlas personuppgifter in enligt verksamhetens integritetspolicy. Det personliga kontot kommer att vara aktivt fram [&hellip;]<\/p>\n","protected":false},"author":1,"featured_media":0,"parent":0,"menu_order":0,"comment_status":"closed","ping_status":"closed","template":"","meta":{"site-sidebar-layout":"no-sidebar","site-content-layout":"plain-container","ast-site-content-layout":"default","site-content-style":"default","site-sidebar-style":"default","ast-global-header-display":"","ast-banner-title-visibility":"","ast-main-header-display":"","ast-hfb-above-header-display":"","ast-hfb-below-header-display":"","ast-hfb-mobile-header-display":"","site-post-title":"disabled","ast-breadcrumbs-content":"","ast-featured-img":"disabled","footer-sml-layout":"","ast-disable-related-posts":"","theme-transparent-header-meta":"","adv-header-id-meta":"","stick-header-meta":"","header-above-stick-meta":"","header-main-stick-meta":"","header-below-stick-meta":"","astra-migrate-meta-layouts":"default","ast-page-background-enabled":"default","ast-page-background-meta":{"desktop":{"background-color":"","background-image":"","background-repeat":"repeat","background-position":"center center","background-size":"auto","background-attachment":"scroll","background-type":"","background-media":"","overlay-type":"","overlay-color":"","overlay-opacity":"","overlay-gradient":""},"tablet":{"background-color":"","background-image":"","background-repeat":"repeat","background-position":"center center","background-size":"auto","background-attachment":"scroll","background-type":"","background-media":"","overlay-type":"","overlay-color":"","overlay-opacity":"","overlay-gradient":""},"mobile":{"background-color":"","background-image":"","background-repeat":"repeat","background-position":"center center","background-size":"auto","background-attachment":"scroll","background-type":"","background-media":"","overlay-type":"","overlay-color":"","overlay-opacity":"","overlay-gradient":""}},"ast-content-background-meta":{"desktop":{"background-color":"var(--ast-global-color-5)","background-image":"","background-repeat":"repeat","background-position":"center center","background-size":"auto","background-attachment":"scroll","background-type":"","background-media":"","overlay-type":"","overlay-color":"","overlay-opacity":"","overlay-gradient":""},"tablet":{"background-color":"var(--ast-global-color-5)","background-image":"","background-repeat":"repeat","background-position":"center center","background-size":"auto","background-attachment":"scroll","background-type":"","background-media":"","overlay-type":"","overlay-color":"","overlay-opacity":"","overlay-gradient":""},"mobile":{"background-color":"var(--ast-global-color-5)","background-image":"","background-repeat":"repeat","background-position":"center center","background-size":"auto","background-attachment":"scroll","background-type":"","background-media":"","overlay-type":"","overlay-color":"","overlay-opacity":"","overlay-gradient":""}},"footnotes":""},"class_list":["post-5918","page","type-page","status-publish","hentry"],"_links":{"self":[{"href":"http:\/\/www.analysverkstan.se\/en\/wp-json\/wp\/v2\/pages\/5918","targetHints":{"allow":["GET"]}}],"collection":[{"href":"http:\/\/www.analysverkstan.se\/en\/wp-json\/wp\/v2\/pages"}],"about":[{"href":"http:\/\/www.analysverkstan.se\/en\/wp-json\/wp\/v2\/types\/page"}],"author":[{"embeddable":true,"href":"http:\/\/www.analysverkstan.se\/en\/wp-json\/wp\/v2\/users\/1"}],"replies":[{"embeddable":true,"href":"http:\/\/www.analysverkstan.se\/en\/wp-json\/wp\/v2\/comments?post=5918"}],"version-history":[{"count":4,"href":"http:\/\/www.analysverkstan.se\/en\/wp-json\/wp\/v2\/pages\/5918\/revisions"}],"predecessor-version":[{"id":12651,"href":"http:\/\/www.analysverkstan.se\/en\/wp-json\/wp\/v2\/pages\/5918\/revisions\/12651"}],"wp:attachment":[{"href":"http:\/\/www.analysverkstan.se\/en\/wp-json\/wp\/v2\/media?parent=5918"}],"curies":[{"name":"wp","href":"https:\/\/api.w.org\/{rel}","templated":true}]}}